{"id":2606,"date":"2023-08-08T11:05:13","date_gmt":"2023-08-08T11:05:13","guid":{"rendered":"http:\/\/exclusivasalmeria.com\/?page_id=2606"},"modified":"2023-11-06T11:05:10","modified_gmt":"2023-11-06T11:05:10","slug":"cumplimiento-legal","status":"publish","type":"page","link":"https:\/\/exclusivaszaragoza.com\/?page_id=2606","title":{"rendered":"Cumplimiento legal"},"content":{"rendered":"\t\t<div data-elementor-type=\"wp-page\" data-elementor-id=\"2606\" class=\"elementor elementor-2606\">\n\t\t\t\t\t\t\t\t\t<section class=\"elementor-section elementor-top-section elementor-element elementor-element-a06f11c elementor-section-boxed elementor-section-height-default elementor-section-height-default\" data-id=\"a06f11c\" data-element_type=\"section\">\n\t\t\t\t\t\t<div class=\"elementor-container elementor-column-gap-default\">\n\t\t\t\t\t<div class=\"elementor-column elementor-col-100 elementor-top-column elementor-element elementor-element-df38ae8\" data-id=\"df38ae8\" data-element_type=\"column\">\n\t\t\t<div class=\"elementor-widget-wrap elementor-element-populated\">\n\t\t\t\t\t\t\t\t<div class=\"elementor-element elementor-element-11cb829 elementor-widget elementor-widget-text-editor\" data-id=\"11cb829\" data-element_type=\"widget\" data-widget_type=\"text-editor.default\">\n\t\t\t\t<div class=\"elementor-widget-container\">\n\t\t\t<style>\/*! elementor - v3.17.0 - 01-11-2023 *\/\n.elementor-widget-text-editor.elementor-drop-cap-view-stacked .elementor-drop-cap{background-color:#69727d;color:#fff}.elementor-widget-text-editor.elementor-drop-cap-view-framed .elementor-drop-cap{color:#69727d;border:3px solid;background-color:transparent}.elementor-widget-text-editor:not(.elementor-drop-cap-view-default) .elementor-drop-cap{margin-top:8px}.elementor-widget-text-editor:not(.elementor-drop-cap-view-default) .elementor-drop-cap-letter{width:1em;height:1em}.elementor-widget-text-editor .elementor-drop-cap{float:left;text-align:center;line-height:1;font-size:50px}.elementor-widget-text-editor .elementor-drop-cap-letter{display:inline-block}<\/style>\t\t\t\t<h4>\u00a0 \u00a0 \u00a0 \u00a0 \u00a0 \u00a0 \u00a0 \u00a0 \u00a0 \u00a0 \u00a0 \u00a0 \u00a0 \u00a0 \u00a0 \u00a0 \u00a0 \u00a0 \u00a0 \u00a0 \u00a0 \u00a0 \u00a0 \u00a0 \u00a0 \u00a0 \u00a0 \u00a0 \u00a0CUMPLIMIENTO LEGAL<\/h4><p>EXCLUSIVAS ZARAGOZA, S.L. es una empresa comprometida con el comportamiento \u00e9tico y socialmente responsable, el cual se encuentra presente en todas y cada una de sus decisiones y \u00e1reas de actuaci\u00f3n, con especial respeto a los derechos humanos, los derechos laborales y a las libertades de las personas.<\/p><p>El reflejo de este compromiso de cultura de cumplimiento y voluntad de prevenci\u00f3n de todo tipo de riesgos de alcance penal, se halla en la dotaci\u00f3n de un sistema de prevenci\u00f3n de riesgos penales en EXCLUSIVAS ZARAGOZA, S.L., as\u00ed como en la adopci\u00f3n de su Manual de\u00a0<em>Compliance<\/em>\u00a0(Pol\u00edtica de\u00a0<em>Compliance<\/em>), C\u00f3digo \u00c9tico y normativa interna que los desarrolla.<\/p><p>La Pol\u00edtica de\u00a0<em>Compliance<\/em>\u00a0de EXCLUSIVAS ZARAGOZA, S.L. tiene como objetivo la identificaci\u00f3n y prevenci\u00f3n de riesgos de alcance penal, as\u00ed como el cumplimiento normativo en todos los \u00e1mbitos de actividad, incluyendo las exigencias legales, la normativa interna de la empresa, as\u00ed como los est\u00e1ndares del buen gobierno corporativo y las mejores pr\u00e1cticas empresariales.<\/p><p>El C\u00f3digo \u00c9tico de EXCLUSIVAS ZARAGOZA, S.L. recoge los principios y valores que deben presidir la actuaci\u00f3n de la empresa y de todos sus empleados y empleadas, estableciendo un conjunto de principios y pautas de conducta en el desarrollo de su actividad y con independencia de su nivel jer\u00e1rquico, de su ubicaci\u00f3n geogr\u00e1fica o funcional, con el fin de procurar un comportamiento profesional \u00e9tico, responsable y de transparencia en todos los \u00e1mbitos de actuaci\u00f3n. Asimismo, el C\u00f3digo \u00c9tico de EXCLUSIVAS ZARAGOZA, S.L. debe ser una referencia para todos aquellos terceros que tengan relaci\u00f3n, colaboren o contraten con la empresa.<\/p><p>EXCLUSIVAS ZARAGOZA, S.L. proporciona un canal de comunicaci\u00f3n espec\u00edfico que sirve de instrumento para que todas aquellas personas que tengan conocimiento, en un contexto laboral o profesional, de la realizaci\u00f3n de cualquier infracci\u00f3n en EXCLUSIVAS ZARAGOZA, S.L., la puedan poner en conocimiento (incluso de forma an\u00f3nima) al Responsable del Sistema a trav\u00e9s de los siguientes canales de comunicaci\u00f3n del Canal \u00c9tico que EXCLUSIVAS ZARAGOZA, S.L. tiene habilitados al efecto:<\/p><p>&#8211;\u00a0\u00a0\u00a0\u00a0\u00a0\u00a0\u00a0\u00a0\u00a0\u00a0A trav\u00e9s de la direcci\u00f3n de correo electr\u00f3nico:\u00a0<a href=\"mailto:canaletico@disbasegrup.com\">canaletico@disbasegrup.com<\/a><\/p><p>&#8211;\u00a0\u00a0\u00a0\u00a0\u00a0\u00a0\u00a0\u00a0\u00a0\u00a0V\u00eda correo postal a la siguiente direcci\u00f3n: Afores s\/n, 17183 Sant Dalmai (Vilob\u00ed d\u2019Onyar), Girona (a la atenci\u00f3n exclusiva del Responsable del Sistema (Canal \u00c9tico) de DISBASE) o;<\/p><p>&#8211;\u00a0\u00a0\u00a0\u00a0\u00a0\u00a0\u00a0\u00a0\u00a0\u00a0Mediante solicitud de reuni\u00f3n presencial con el Responsable del Sistema.<\/p><ul><li>Lea\u00a0<a href=\"https:\/\/exclusivaszaragoza.com\/?page_id=2572\"><u>aqu\u00ed <\/u><\/a>nuestro C\u00f3digo \u00c9tico<\/li><li>Lea\u00a0<a href=\"https:\/\/exclusivaszaragoza.com\/?page_id=2654\"><u>aqu\u00ed <\/u><\/a>nuestra Pol\u00edtica de funcionamiento del Canal \u00c9tico<\/li><\/ul>\t\t\t\t\t\t<\/div>\n\t\t\t\t<\/div>\n\t\t\t\t\t<\/div>\n\t\t<\/div>\n\t\t\t\t\t\t\t<\/div>\n\t\t<\/section>\n\t\t\t\t\t\t\t<\/div>\n\t\t","protected":false},"excerpt":{"rendered":"<p>\u00a0 \u00a0 \u00a0 \u00a0 \u00a0 \u00a0 \u00a0 \u00a0 \u00a0 \u00a0 \u00a0 \u00a0 \u00a0 \u00a0 \u00a0 \u00a0 \u00a0 \u00a0 \u00a0 \u00a0 \u00a0 \u00a0 \u00a0 \u00a0 \u00a0 \u00a0 \u00a0 \u00a0 \u00a0CUMPLIMIENTO LEGAL EXCLUSIVAS ZARAGOZA, S.L. es una empresa comprometida con el comportamiento \u00e9tico y socialmente responsable, el cual se encuentra presente en todas y cada una de [&hellip;]<\/p>\n","protected":false},"author":2,"featured_media":0,"parent":0,"menu_order":0,"comment_status":"closed","ping_status":"closed","template":"elementor_canvas","meta":{"footnotes":""},"class_list":["post-2606","page","type-page","status-publish","hentry"],"_links":{"self":[{"href":"https:\/\/exclusivaszaragoza.com\/index.php?rest_route=\/wp\/v2\/pages\/2606","targetHints":{"allow":["GET"]}}],"collection":[{"href":"https:\/\/exclusivaszaragoza.com\/index.php?rest_route=\/wp\/v2\/pages"}],"about":[{"href":"https:\/\/exclusivaszaragoza.com\/index.php?rest_route=\/wp\/v2\/types\/page"}],"author":[{"embeddable":true,"href":"https:\/\/exclusivaszaragoza.com\/index.php?rest_route=\/wp\/v2\/users\/2"}],"replies":[{"embeddable":true,"href":"https:\/\/exclusivaszaragoza.com\/index.php?rest_route=%2Fwp%2Fv2%2Fcomments&post=2606"}],"version-history":[{"count":15,"href":"https:\/\/exclusivaszaragoza.com\/index.php?rest_route=\/wp\/v2\/pages\/2606\/revisions"}],"predecessor-version":[{"id":2936,"href":"https:\/\/exclusivaszaragoza.com\/index.php?rest_route=\/wp\/v2\/pages\/2606\/revisions\/2936"}],"wp:attachment":[{"href":"https:\/\/exclusivaszaragoza.com\/index.php?rest_route=%2Fwp%2Fv2%2Fmedia&parent=2606"}],"curies":[{"name":"wp","href":"https:\/\/api.w.org\/{rel}","templated":true}]}}